{"id":8,"date":"2018-03-22T08:15:41","date_gmt":"2018-03-22T08:15:41","guid":{"rendered":"http:\/\/kappermann.de\/?page_id=8"},"modified":"2019-07-30T07:04:55","modified_gmt":"2019-07-30T07:04:55","slug":"ueber-mich","status":"publish","type":"page","link":"https:\/\/kappermann.de\/index.php\/ueber-mich\/","title":{"rendered":"\u00dcber mich"},"content":{"rendered":"<p><strong>2002 <\/strong>&#8211; Abitur am Scharnhorstgymnasium Hildesheim<\/p>\n<p><strong>2003 bis 2008<\/strong> &#8211; Studium des F\u00e4cher Englisch und kath. Religion f\u00fcr das Lehramt an Gymnasien an der Justus-Liebig-Universit\u00e4t Gie\u00dfen.<\/p>\n<p>Thema der 1. Staatsexamensarbeit: \u201eElemente des Monomythos in Frank Herberts Dune-Romanserie\u201c<\/p>\n<p><strong>2008 bis 2010<\/strong> &#8211; Vorbereitungsdienst am Studienseminar Hildesheim bzw. Bisch\u00f6flichen Gymnasium Josephinum Hildesheim.<\/p>\n<p>Thema der 2. Staatsexamensarbeit: \u201eF\u00f6rderung der Schreibkompetenz am Beispiel von Tagebucheintr\u00e4gen zur Lekt\u00fcre ,The Twelth Day of July\u2018 &#8211; ein Unterrichtsversuch in einer 9. Klasse\u201c<\/p>\n<p><strong>2010 bis 2014<\/strong> &#8211; Studienrat am Ubbo-Emmius-Gymnasium Leer mit den F\u00e4chern Englisch, kath. Religion sowie Computergrundbildung der 5. Klassen<br \/>\nWeitere Aufgaben:<br \/>\n&#8211; Mitarbeit in Schulvorstand und Steuergruppe<br \/>\n&#8211; Mitwirkung im Comenius-Projekt 2012-14<br \/>\n&#8211; administrative T\u00e4tigkeit im IServ des UEG.<\/p>\n<p><strong>seit 2014<\/strong> &#8211; Beurlaubung an das Gymnasium Marienschule Hildesheim. Unterricht in den F\u00e4chern Englisch und kath. Religion.<br \/>\nWeitere Aufgaben:<br \/>\n&#8211; Verwaltung der Facebook-Seite der Schule (seit 2015)<br \/>\n&#8211; Moderator der Schulhomepage (seit 2016)<br \/>\n&#8211; kooperative Leitung der Fachgruppe Englisch (seit 2016)<br \/>\n&#8211; Ansprechpartner f\u00fcr Datenschutz (seit 2018)<br \/>\n&#8211; Mitglied des \u201eSt\u00e4ndigen Ausschusses\u201c STAU (bis 2017)<br \/>\n&#8211; Administrator f\u00fcr IServ (seit 2019)<\/p>\n<p><strong>seit 2016<\/strong> &#8211; Leitung eines fachdidaktischen Seminars am Studienseminar Hildesheim f\u00fcr das Lehramt an Gymnasien<\/p>\n","protected":false},"excerpt":{"rendered":"<p>2002 &#8211; Abitur am Scharnhorstgymnasium Hildesheim 2003 bis 2008 &#8211; Studium des F\u00e4cher Englisch und kath. Religion f\u00fcr das Lehramt an Gymnasien an&#8230;<\/p>\n","protected":false},"author":1,"featured_media":36,"parent":0,"menu_order":0,"comment_status":"closed","ping_status":"closed","template":"","meta":{"footnotes":""},"class_list":["post-8","page","type-page","status-publish","has-post-thumbnail","hentry"],"_links":{"self":[{"href":"https:\/\/kappermann.de\/index.php\/wp-json\/wp\/v2\/pages\/8","targetHints":{"allow":["GET"]}}],"collection":[{"href":"https:\/\/kappermann.de\/index.php\/wp-json\/wp\/v2\/pages"}],"about":[{"href":"https:\/\/kappermann.de\/index.php\/wp-json\/wp\/v2\/types\/page"}],"author":[{"embeddable":true,"href":"https:\/\/kappermann.de\/index.php\/wp-json\/wp\/v2\/users\/1"}],"replies":[{"embeddable":true,"href":"https:\/\/kappermann.de\/index.php\/wp-json\/wp\/v2\/comments?post=8"}],"version-history":[{"count":5,"href":"https:\/\/kappermann.de\/index.php\/wp-json\/wp\/v2\/pages\/8\/revisions"}],"predecessor-version":[{"id":57,"href":"https:\/\/kappermann.de\/index.php\/wp-json\/wp\/v2\/pages\/8\/revisions\/57"}],"wp:featuredmedia":[{"embeddable":true,"href":"https:\/\/kappermann.de\/index.php\/wp-json\/wp\/v2\/media\/36"}],"wp:attachment":[{"href":"https:\/\/kappermann.de\/index.php\/wp-json\/wp\/v2\/media?parent=8"}],"curies":[{"name":"wp","href":"https:\/\/api.w.org\/{rel}","templated":true}]}}